{"id":4329,"date":"2025-10-22T11:31:16","date_gmt":"2025-10-22T11:31:16","guid":{"rendered":"https:\/\/liceulisaccea.ro\/?page_id=4329"},"modified":"2025-10-22T11:31:56","modified_gmt":"2025-10-22T11:31:56","slug":"burse-2025-2026","status":"publish","type":"page","link":"https:\/\/liceulisaccea.ro\/index.php\/elevi\/burse-2025-2026\/","title":{"rendered":"Burse 2025-2026"},"content":{"rendered":"\n<h2 class=\"wp-block-heading\">Burse sociale<\/h2>\n\n\n\n<div class=\"wp-block-buttons is-layout-flex wp-block-buttons-is-layout-flex\">\n<div class=\"wp-block-button\"><a class=\"wp-block-button__link wp-element-button\" href=\"https:\/\/liceulisaccea.ro\/wp-content\/uploads\/2025\/10\/HG-732_burse.pdf\">H O T \u0102 R \u00c2 R E pentru aprobarea Metodologiei-cadru de acordare a burselor \u0219i cuantumul acestora<\/a><\/div>\n\n\n\n<div class=\"wp-block-button\"><a class=\"wp-block-button__link wp-element-button\" href=\"https:\/\/liceulisaccea.ro\/wp-content\/uploads\/2025\/10\/calendar-burse-scolare-2025-2026.pdf\">Calendar burse scolare 2025-2026<\/a><\/div>\n\n\n\n<div class=\"wp-block-button\"><a class=\"wp-block-button__link wp-element-button\" href=\"https:\/\/liceulisaccea.ro\/wp-content\/uploads\/2025\/10\/bursa-sociala-orfan.pdf\">Cerere burs\u0103 social\u0103 (ORFAN)<\/a><\/div>\n\n\n\n<div class=\"wp-block-button\"><a class=\"wp-block-button__link wp-element-button\" href=\"https:\/\/liceulisaccea.ro\/wp-content\/uploads\/2025\/10\/bursa-sociala-protectie.pdf\">Cerere burs\u0103 social\u0103 (M\u0102SUR\u0102 DE PROTEC\u021aIE SOCIAL\u0102)<\/a><\/div>\n\n\n\n<div class=\"wp-block-button\"><a class=\"wp-block-button__link wp-element-button\" href=\"https:\/\/liceulisaccea.ro\/wp-content\/uploads\/2025\/10\/cerere-bursa-sociala-medicala.pdf\">Cerere burs\u0103 social\u0103 (MEDICAL\u0102)<\/a><\/div>\n\n\n\n<div class=\"wp-block-button\"><a class=\"wp-block-button__link wp-element-button\" href=\"https:\/\/liceulisaccea.ro\/wp-content\/uploads\/2025\/10\/CERERE-BURSA-MAME-MINORE-Art.-18-2025-2026.pdf\">Cerere burs\u0103 MAME MINORE<\/a><\/div>\n\n\n\n<div class=\"wp-block-button\"><a class=\"wp-block-button__link wp-element-button\" href=\"https:\/\/liceulisaccea.ro\/wp-content\/uploads\/2025\/10\/cerere-bursa-social-venit-mic-.pdf\">Cerere burs\u0103 social\u0103 (pe baza venitului mediu net lunar)<\/a><\/div>\n\n\n\n<div class=\"wp-block-button\"><a class=\"wp-block-button__link wp-element-button\" href=\"https:\/\/liceulisaccea.ro\/wp-content\/uploads\/2025\/10\/DECLARATIE-PE-PROPRIA-RASPUNDERE-PRIVIND-DOMICILIUL-COMUN-AL-PARINTILOR.pdf\">DECLARA\u021aIE PE PROPRIA R\u0102SPUNDERE PRIVIND DOMICILIUL COMUN AL P\u0102RIN\u021aILOR NEC\u0102S\u0102TORI\u021aI<\/a><\/div>\n<\/div>\n\n\n\n<h2 class=\"wp-block-heading\">Liste beneficiari burse <\/h2>\n\n\n\n<div class=\"wp-block-buttons is-layout-flex wp-block-buttons-is-layout-flex\">\n<div class=\"wp-block-button\"><a class=\"wp-block-button__link wp-element-button\" href=\"https:\/\/liceulisaccea.ro\/wp-content\/uploads\/2025\/10\/Lista_beneficiari_burse_2025-2026.DE_AFISAT-1.pdf\">Liste beneficiari burse 2025-2026<\/a><\/div>\n<\/div>\n","protected":false},"excerpt":{"rendered":"<p>Burse sociale Liste beneficiari burse<\/p>\n","protected":false},"author":1,"featured_media":0,"parent":3006,"menu_order":0,"comment_status":"closed","ping_status":"closed","template":"","meta":{"footnotes":""},"class_list":["post-4329","page","type-page","status-publish","hentry"],"_links":{"self":[{"href":"https:\/\/liceulisaccea.ro\/index.php\/wp-json\/wp\/v2\/pages\/4329","targetHints":{"allow":["GET"]}}],"collection":[{"href":"https:\/\/liceulisaccea.ro\/index.php\/wp-json\/wp\/v2\/pages"}],"about":[{"href":"https:\/\/liceulisaccea.ro\/index.php\/wp-json\/wp\/v2\/types\/page"}],"author":[{"embeddable":true,"href":"https:\/\/liceulisaccea.ro\/index.php\/wp-json\/wp\/v2\/users\/1"}],"replies":[{"embeddable":true,"href":"https:\/\/liceulisaccea.ro\/index.php\/wp-json\/wp\/v2\/comments?post=4329"}],"version-history":[{"count":1,"href":"https:\/\/liceulisaccea.ro\/index.php\/wp-json\/wp\/v2\/pages\/4329\/revisions"}],"predecessor-version":[{"id":4340,"href":"https:\/\/liceulisaccea.ro\/index.php\/wp-json\/wp\/v2\/pages\/4329\/revisions\/4340"}],"up":[{"embeddable":true,"href":"https:\/\/liceulisaccea.ro\/index.php\/wp-json\/wp\/v2\/pages\/3006"}],"wp:attachment":[{"href":"https:\/\/liceulisaccea.ro\/index.php\/wp-json\/wp\/v2\/media?parent=4329"}],"curies":[{"name":"wp","href":"https:\/\/api.w.org\/{rel}","templated":true}]}}